{"id":5658,"date":"2021-11-03T17:26:58","date_gmt":"2021-11-03T17:26:58","guid":{"rendered":"https:\/\/maisonwest.es\/tcwp\/?page_id=5658"},"modified":"2024-04-26T22:36:52","modified_gmt":"2024-04-26T21:36:52","slug":"sistema-de-venta","status":"publish","type":"page","link":"https:\/\/staging.maisonwest.es\/index.php\/sistema-de-venta\/","title":{"rendered":"Sistema de venta"},"content":{"rendered":"\t\t<div data-elementor-type=\"wp-page\" data-elementor-id=\"5658\" class=\"elementor elementor-5658\">\n\t\t\t\t\t\t<section class=\"elementor-section elementor-top-section elementor-element elementor-element-e7c80a9 elementor-section-boxed elementor-section-height-default elementor-section-height-default\" data-id=\"e7c80a9\" data-element_type=\"section\">\n\t\t\t\t\t\t<div class=\"elementor-container elementor-column-gap-default\">\n\t\t\t\t\t<div class=\"elementor-column elementor-col-100 elementor-top-column elementor-element elementor-element-df331bf ot-flex-column-vertical\" data-id=\"df331bf\" data-element_type=\"column\">\n\t\t\t<div class=\"elementor-widget-wrap elementor-element-populated\">\n\t\t\t\t\t\t<div class=\"elementor-element elementor-element-7466669 elementor-widget elementor-widget-spacer\" data-id=\"7466669\" data-element_type=\"widget\" data-widget_type=\"spacer.default\">\n\t\t\t\t<div class=\"elementor-widget-container\">\n\t\t\t\t\t\t\t<div class=\"elementor-spacer\">\n\t\t\t<div class=\"elementor-spacer-inner\"><\/div>\n\t\t<\/div>\n\t\t\t\t\t\t<\/div>\n\t\t\t\t<\/div>\n\t\t\t\t<div class=\"elementor-element elementor-element-3ed14f2 elementor-widget elementor-widget-heading\" data-id=\"3ed14f2\" data-element_type=\"widget\" data-widget_type=\"heading.default\">\n\t\t\t\t<div class=\"elementor-widget-container\">\n\t\t\t\t\t<h1 class=\"elementor-heading-title elementor-size-large\">Sistema de venta<\/h1>\t\t\t\t<\/div>\n\t\t\t\t<\/div>\n\t\t\t\t\t<\/div>\n\t\t<\/div>\n\t\t\t\t\t<\/div>\n\t\t<\/section>\n\t\t\t\t<section class=\"elementor-section elementor-top-section elementor-element elementor-element-71282b3 elementor-section-boxed elementor-section-height-default elementor-section-height-default\" data-id=\"71282b3\" data-element_type=\"section\">\n\t\t\t\t\t\t<div class=\"elementor-container elementor-column-gap-default\">\n\t\t\t\t\t<div class=\"elementor-column elementor-col-100 elementor-top-column elementor-element elementor-element-94f89f0 ot-flex-column-vertical\" data-id=\"94f89f0\" data-element_type=\"column\">\n\t\t\t<div class=\"elementor-widget-wrap elementor-element-populated\">\n\t\t\t\t\t\t<div class=\"elementor-element elementor-element-4a83835 elementor-widget elementor-widget-spacer\" data-id=\"4a83835\" data-element_type=\"widget\" data-widget_type=\"spacer.default\">\n\t\t\t\t<div class=\"elementor-widget-container\">\n\t\t\t\t\t\t\t<div class=\"elementor-spacer\">\n\t\t\t<div class=\"elementor-spacer-inner\"><\/div>\n\t\t<\/div>\n\t\t\t\t\t\t<\/div>\n\t\t\t\t<\/div>\n\t\t\t\t\t<\/div>\n\t\t<\/div>\n\t\t\t\t\t<\/div>\n\t\t<\/section>\n\t\t\t\t<section class=\"elementor-section elementor-top-section elementor-element elementor-element-17ffa0a elementor-section-boxed elementor-section-height-default elementor-section-height-default\" data-id=\"17ffa0a\" data-element_type=\"section\">\n\t\t\t\t\t\t<div class=\"elementor-container elementor-column-gap-default\">\n\t\t\t\t\t<div class=\"elementor-column elementor-col-100 elementor-top-column elementor-element elementor-element-6040340 ot-flex-column-vertical\" data-id=\"6040340\" data-element_type=\"column\">\n\t\t\t<div class=\"elementor-widget-wrap elementor-element-populated\">\n\t\t\t\t\t\t<div class=\"elementor-element elementor-element-303a710 elementor-widget elementor-widget-text-editor\" data-id=\"303a710\" data-element_type=\"widget\" data-widget_type=\"text-editor.default\">\n\t\t\t\t<div class=\"elementor-widget-container\">\n\t\t\t\t\t\t\t\t\t<p>Estamos dentro de un sector competitivo, por lo que trabajamos para transformar el sector, este es el valor a\u00f1adido de\u00a0<strong>MAISON WEST<\/strong>.\u00a0<\/p><p>Trabajamos con los siguientes sistemas de venta:<\/p>\t\t\t\t\t\t\t\t<\/div>\n\t\t\t\t<\/div>\n\t\t\t\t\t<\/div>\n\t\t<\/div>\n\t\t\t\t\t<\/div>\n\t\t<\/section>\n\t\t\t\t<section class=\"elementor-section elementor-top-section elementor-element elementor-element-3fd2ddf elementor-section-boxed elementor-section-height-default elementor-section-height-default\" data-id=\"3fd2ddf\" data-element_type=\"section\">\n\t\t\t\t\t\t<div class=\"elementor-container elementor-column-gap-default\">\n\t\t\t\t\t<div class=\"elementor-column elementor-col-100 elementor-top-column elementor-element elementor-element-f1756e2 ot-flex-column-vertical\" data-id=\"f1756e2\" data-element_type=\"column\">\n\t\t\t<div class=\"elementor-widget-wrap elementor-element-populated\">\n\t\t\t\t\t\t<div class=\"elementor-element elementor-element-bac40fa elementor-widget elementor-widget-image\" data-id=\"bac40fa\" data-element_type=\"widget\" data-widget_type=\"image.default\">\n\t\t\t\t<div class=\"elementor-widget-container\">\n\t\t\t\t\t\t\t\t\t\t\t\t\t\t\t<img decoding=\"async\" width=\"250\" height=\"63\" src=\"https:\/\/staging.maisonwest.es\/wp-content\/uploads\/2024\/04\/ikami.png\" class=\"attachment-medium size-medium wp-image-6125\" alt=\"\" \/>\t\t\t\t\t\t\t\t\t\t\t\t\t\t\t<\/div>\n\t\t\t\t<\/div>\n\t\t\t\t\t<\/div>\n\t\t<\/div>\n\t\t\t\t\t<\/div>\n\t\t<\/section>\n\t\t\t\t<section class=\"elementor-section elementor-top-section elementor-element elementor-element-d229aaf elementor-section-boxed elementor-section-height-default elementor-section-height-default\" data-id=\"d229aaf\" data-element_type=\"section\">\n\t\t\t\t\t\t<div class=\"elementor-container elementor-column-gap-default\">\n\t\t\t\t\t<div class=\"elementor-column elementor-col-50 elementor-top-column elementor-element elementor-element-6f119d9 ot-flex-column-vertical\" data-id=\"6f119d9\" data-element_type=\"column\">\n\t\t\t<div class=\"elementor-widget-wrap elementor-element-populated\">\n\t\t\t\t\t\t<div class=\"elementor-element elementor-element-ab7d733 elementor-widget elementor-widget-text-editor\" data-id=\"ab7d733\" data-element_type=\"widget\" data-widget_type=\"text-editor.default\">\n\t\t\t\t<div class=\"elementor-widget-container\">\n\t\t\t\t\t\t\t\t\t<p style=\"text-align: justify;\"><strong>MAISON WEST<\/strong> es miembro de la primera empresa internacional de intermediaci\u00f3n inmobiliaria en Francia, Espa\u00f1a y Suiza, en un tiempo r\u00e9cord ha conseguido liderar el sector de las agencias inmobiliarias.\u00a0<\/p><p style=\"text-align: justify;\"><b>iKami<\/b>\u00a0Estamos dentro de un sector competitivo, por lo que trabajamos para transformar el sector, este es el valor a\u00f1adido de MAISON WEST.<\/p><p style=\"text-align: justify;\">\u00a0<\/p>\t\t\t\t\t\t\t\t<\/div>\n\t\t\t\t<\/div>\n\t\t\t\t\t<\/div>\n\t\t<\/div>\n\t\t\t\t<div class=\"elementor-column elementor-col-50 elementor-top-column elementor-element elementor-element-065be37 ot-flex-column-vertical\" data-id=\"065be37\" data-element_type=\"column\">\n\t\t\t<div class=\"elementor-widget-wrap elementor-element-populated\">\n\t\t\t\t\t\t<div class=\"elementor-element elementor-element-a5050e9 elementor-widget elementor-widget-text-editor\" data-id=\"a5050e9\" data-element_type=\"widget\" data-widget_type=\"text-editor.default\">\n\t\t\t\t<div class=\"elementor-widget-container\">\n\t\t\t\t\t\t\t\t\t<p style=\"text-align: justify;\">Ofrece tanto a clientes particulares como instituciones una gran variedad de servicios profesionales a su medida. Asesor\u00eda, venta y alquiler.<\/p><p style=\"text-align: justify;\"><span style=\"text-align: center;\">Con\u00a0<\/span><span style=\"font-weight: bold;\">iKami<\/span><span style=\"text-align: center;\">\u00a0puedes descubrir el poder asociarte a una empresa en continuo crecimiento y crear el negocio inmobiliario con el que siempre has so\u00f1ado.<\/span><\/p><p style=\"text-align: justify;\">\u00a0<\/p>\t\t\t\t\t\t\t\t<\/div>\n\t\t\t\t<\/div>\n\t\t\t\t\t<\/div>\n\t\t<\/div>\n\t\t\t\t\t<\/div>\n\t\t<\/section>\n\t\t\t\t<section class=\"elementor-section elementor-top-section elementor-element elementor-element-1178230 elementor-section-boxed elementor-section-height-default elementor-section-height-default\" data-id=\"1178230\" data-element_type=\"section\">\n\t\t\t\t\t\t<div class=\"elementor-container elementor-column-gap-default\">\n\t\t\t\t\t<div class=\"elementor-column elementor-col-100 elementor-top-column elementor-element elementor-element-9db6860 ot-flex-column-vertical\" data-id=\"9db6860\" data-element_type=\"column\">\n\t\t\t<div class=\"elementor-widget-wrap elementor-element-populated\">\n\t\t\t\t\t\t<div class=\"elementor-element elementor-element-ec0c2b8 elementor-widget elementor-widget-text-editor\" data-id=\"ec0c2b8\" data-element_type=\"widget\" data-widget_type=\"text-editor.default\">\n\t\t\t\t<div class=\"elementor-widget-container\">\n\t\t\t\t\t\t\t\t\t<h5 style=\"text-align: center;\"><span style=\"color: #3366ff;\"><strong>\u00a0\u00a1\u00daNETE A NUESTRO EQUIPO!<\/strong><\/span><\/h5><p style=\"text-align: center;\">\u00a0<\/p><p style=\"text-align: center;\">\u00a0<\/p>\t\t\t\t\t\t\t\t<\/div>\n\t\t\t\t<\/div>\n\t\t\t\t\t<\/div>\n\t\t<\/div>\n\t\t\t\t\t<\/div>\n\t\t<\/section>\n\t\t\t\t<section class=\"elementor-section elementor-top-section elementor-element elementor-element-e0574c1 elementor-section-boxed elementor-section-height-default elementor-section-height-default\" data-id=\"e0574c1\" data-element_type=\"section\">\n\t\t\t\t\t\t<div class=\"elementor-container elementor-column-gap-default\">\n\t\t\t\t\t<div class=\"elementor-column elementor-col-100 elementor-top-column elementor-element elementor-element-eb3a657 ot-flex-column-vertical\" data-id=\"eb3a657\" data-element_type=\"column\">\n\t\t\t<div class=\"elementor-widget-wrap elementor-element-populated\">\n\t\t\t\t\t\t<div class=\"elementor-element elementor-element-4c1dfe8 elementor-widget elementor-widget-spacer\" data-id=\"4c1dfe8\" data-element_type=\"widget\" data-widget_type=\"spacer.default\">\n\t\t\t\t<div class=\"elementor-widget-container\">\n\t\t\t\t\t\t\t<div class=\"elementor-spacer\">\n\t\t\t<div class=\"elementor-spacer-inner\"><\/div>\n\t\t<\/div>\n\t\t\t\t\t\t<\/div>\n\t\t\t\t<\/div>\n\t\t\t\t\t<\/div>\n\t\t<\/div>\n\t\t\t\t\t<\/div>\n\t\t<\/section>\n\t\t\t\t<section class=\"elementor-section elementor-top-section elementor-element elementor-element-d4f0506 elementor-section-boxed elementor-section-height-default elementor-section-height-default\" data-id=\"d4f0506\" data-element_type=\"section\">\n\t\t\t\t\t\t<div class=\"elementor-container elementor-column-gap-default\">\n\t\t\t\t\t<div class=\"elementor-column elementor-col-50 elementor-top-column elementor-element elementor-element-d493579 ot-flex-column-vertical\" data-id=\"d493579\" data-element_type=\"column\">\n\t\t\t<div class=\"elementor-widget-wrap elementor-element-populated\">\n\t\t\t\t\t\t<div class=\"elementor-element elementor-element-451b551 elementor-widget elementor-widget-image\" data-id=\"451b551\" data-element_type=\"widget\" data-widget_type=\"image.default\">\n\t\t\t\t<div class=\"elementor-widget-container\">\n\t\t\t\t\t\t\t\t\t\t\t\t\t\t\t<img fetchpriority=\"high\" decoding=\"async\" width=\"300\" height=\"212\" src=\"https:\/\/staging.maisonwest.es\/wp-content\/uploads\/2021\/11\/black-man-holding-phone-with-fingerprint-scanning-2021-08-29-11-41-36-utc-300x212.jpg\" class=\"attachment-medium size-medium wp-image-5796\" alt=\"\" srcset=\"https:\/\/staging.maisonwest.es\/wp-content\/uploads\/2021\/11\/black-man-holding-phone-with-fingerprint-scanning-2021-08-29-11-41-36-utc-300x212.jpg 300w, https:\/\/staging.maisonwest.es\/wp-content\/uploads\/2021\/11\/black-man-holding-phone-with-fingerprint-scanning-2021-08-29-11-41-36-utc-1024x724.jpg 1024w, https:\/\/staging.maisonwest.es\/wp-content\/uploads\/2021\/11\/black-man-holding-phone-with-fingerprint-scanning-2021-08-29-11-41-36-utc-768x543.jpg 768w, https:\/\/staging.maisonwest.es\/wp-content\/uploads\/2021\/11\/black-man-holding-phone-with-fingerprint-scanning-2021-08-29-11-41-36-utc-1536x1085.jpg 1536w, https:\/\/staging.maisonwest.es\/wp-content\/uploads\/2021\/11\/black-man-holding-phone-with-fingerprint-scanning-2021-08-29-11-41-36-utc-2048x1447.jpg 2048w\" sizes=\"(max-width: 300px) 100vw, 300px\" \/>\t\t\t\t\t\t\t\t\t\t\t\t\t\t\t<\/div>\n\t\t\t\t<\/div>\n\t\t\t\t\t<\/div>\n\t\t<\/div>\n\t\t\t\t<div class=\"elementor-column elementor-col-50 elementor-top-column elementor-element elementor-element-185f443 ot-flex-column-vertical\" data-id=\"185f443\" data-element_type=\"column\">\n\t\t\t<div class=\"elementor-widget-wrap elementor-element-populated\">\n\t\t\t\t\t\t<div class=\"elementor-element elementor-element-d2c94ac elementor-widget elementor-widget-text-editor\" data-id=\"d2c94ac\" data-element_type=\"widget\" data-widget_type=\"text-editor.default\">\n\t\t\t\t<div class=\"elementor-widget-container\">\n\t\t\t\t\t\t\t\t\t<h4>\u00a0<\/h4><h4 style=\"text-align: center;\"><strong><u>MARKETING\/HUELLA DIGITAL<\/u><\/strong><\/h4><p style=\"text-align: center;\"><strong><em>\u201cIDENTIFICAMOS A SU P\u00daBLICO Y CAPTAMOS SU ATENCI\u00d3N\u201d<\/em><\/strong><\/p>\t\t\t\t\t\t\t\t<\/div>\n\t\t\t\t<\/div>\n\t\t\t\t\t<\/div>\n\t\t<\/div>\n\t\t\t\t\t<\/div>\n\t\t<\/section>\n\t\t\t\t<\/div>\n\t\t","protected":false},"excerpt":{"rendered":"<p>Sistema de venta Estamos dentro de un sector competitivo, por lo que trabajamos para transformar el sector, este es el valor a\u00f1adido de\u00a0MAISON WEST.\u00a0 Trabajamos con los siguientes sistemas de venta: MAISON WEST es miembro de la primera empresa internacional de intermediaci\u00f3n inmobiliaria en Francia, Espa\u00f1a y Suiza, en un tiempo r\u00e9cord ha conseguido liderar [&hellip;]<\/p>\n","protected":false},"author":1,"featured_media":0,"parent":0,"menu_order":0,"comment_status":"closed","ping_status":"closed","template":"","meta":{"footnotes":""},"class_list":["post-5658","page","type-page","status-publish","hentry"],"_links":{"self":[{"href":"https:\/\/staging.maisonwest.es\/index.php\/wp-json\/wp\/v2\/pages\/5658","targetHints":{"allow":["GET"]}}],"collection":[{"href":"https:\/\/staging.maisonwest.es\/index.php\/wp-json\/wp\/v2\/pages"}],"about":[{"href":"https:\/\/staging.maisonwest.es\/index.php\/wp-json\/wp\/v2\/types\/page"}],"author":[{"embeddable":true,"href":"https:\/\/staging.maisonwest.es\/index.php\/wp-json\/wp\/v2\/users\/1"}],"replies":[{"embeddable":true,"href":"https:\/\/staging.maisonwest.es\/index.php\/wp-json\/wp\/v2\/comments?post=5658"}],"version-history":[{"count":31,"href":"https:\/\/staging.maisonwest.es\/index.php\/wp-json\/wp\/v2\/pages\/5658\/revisions"}],"predecessor-version":[{"id":6132,"href":"https:\/\/staging.maisonwest.es\/index.php\/wp-json\/wp\/v2\/pages\/5658\/revisions\/6132"}],"wp:attachment":[{"href":"https:\/\/staging.maisonwest.es\/index.php\/wp-json\/wp\/v2\/media?parent=5658"}],"curies":[{"name":"wp","href":"https:\/\/api.w.org\/{rel}","templated":true}]}}